{"id":524,"date":"2020-09-14T11:17:24","date_gmt":"2020-09-14T09:17:24","guid":{"rendered":"https:\/\/www.retolsdaunis.com\/?post_type=product&#038;p=524"},"modified":"2023-03-12T23:29:20","modified_gmt":"2023-03-12T22:29:20","slug":"valla-de-contencion-extensible-6-m","status":"publish","type":"product","link":"https:\/\/www.retolsdaunis.com\/es\/tienda\/producto\/valla-de-contencion-extensible-6-m\/","title":{"rendered":"Valla de Contenci\u00f3n Extensible 6 m"},"content":{"rendered":"<p>[et_pb_section fb_built=\u00bb1&#8243; theme_builder_area=\u00bbpost_content\u00bb _builder_version=\u00bb4.20.2&#8243; _module_preset=\u00bbdefault\u00bb collapsed=\u00bbon\u00bb][\/et_pb_section]<\/p>\n","protected":false},"excerpt":{"rendered":"<p>Valla de acero lacado al horno en rojo y blanco, para la se\u00f1alizaci\u00f3n provisional de obras, trabajos de mantenimiento, puntos potencialmente peligrosos, controles, etc.<\/p>\n<p>Son f\u00e1ciles de transportar y desplegar, adem\u00e1s de muy estables. Escasa ocupaci\u00f3n para optimizar el almacenaje y el transporte.<\/p>\n","protected":false},"featured_media":241056,"template":"","meta":{"_et_pb_use_builder":"on","_et_pb_old_content":"","_et_gb_content_width":""},"product_cat":[607],"product_tag":[],"class_list":["post-524","product","type-product","status-publish","has-post-thumbnail","hentry","product_cat-balizamiento","product_shipping_class-15-20-kg"],"_links":{"self":[{"href":"https:\/\/www.retolsdaunis.com\/es\/wp-json\/wp\/v2\/product\/524","targetHints":{"allow":["GET"]}}],"collection":[{"href":"https:\/\/www.retolsdaunis.com\/es\/wp-json\/wp\/v2\/product"}],"about":[{"href":"https:\/\/www.retolsdaunis.com\/es\/wp-json\/wp\/v2\/types\/product"}],"wp:featuredmedia":[{"embeddable":true,"href":"https:\/\/www.retolsdaunis.com\/es\/wp-json\/wp\/v2\/media\/241056"}],"wp:attachment":[{"href":"https:\/\/www.retolsdaunis.com\/es\/wp-json\/wp\/v2\/media?parent=524"}],"wp:term":[{"taxonomy":"product_cat","embeddable":true,"href":"https:\/\/www.retolsdaunis.com\/es\/wp-json\/wp\/v2\/product_cat?post=524"},{"taxonomy":"product_tag","embeddable":true,"href":"https:\/\/www.retolsdaunis.com\/es\/wp-json\/wp\/v2\/product_tag?post=524"}],"curies":[{"name":"wp","href":"https:\/\/api.w.org\/{rel}","templated":true}]}}