{"id":522,"date":"2020-09-14T11:15:05","date_gmt":"2020-09-14T09:15:05","guid":{"rendered":"https:\/\/www.retolsdaunis.com\/?post_type=product&#038;p=522"},"modified":"2023-03-13T12:05:43","modified_gmt":"2023-03-13T11:05:43","slug":"valla-de-plastico-2000","status":"publish","type":"product","link":"https:\/\/www.retolsdaunis.com\/es\/tienda\/producto\/valla-de-plastico-2000\/","title":{"rendered":"Valla de Pl\u00e1stico 2000"},"content":{"rendered":"<p>[et_pb_section fb_built=\u00bb1&#8243; _builder_version=\u00bb4.20.2&#8243; _module_preset=\u00bbdefault\u00bb collapsed=\u00bbon\u00bb global_colors_info=\u00bb{}\u00bb][\/et_pb_section]<\/p>\n","protected":false},"excerpt":{"rendered":"<ul>\n<li><strong>Largo:<\/strong> 198 cm<\/li>\n<li><strong>Alto:<\/strong> 102 cm<\/li>\n<li><strong>Ancho:<\/strong> 55 cm<\/li>\n<li><strong>Material:<\/strong> Polipropileno<\/li>\n<\/ul>\n<p>Disponible en varios colores, est\u00e1n fabricadas por inyecci\u00f3n en Polipropileno Copol\u00edmero con protecci\u00f3n contra los rayos UV, ofreciendo la mejor resistencia para su uso tanto en espacios interiores como exteriores. Totalmente compatible con la <strong><a href=\"https:\/\/www.retolsdaunis.com\/es\/tienda\/producto\/valla-de-plastico-1200\/\">Valla de Pl\u00e1stico 1200<\/a><\/strong>, combinadas crean una soluci\u00f3n completa de vallado en pl\u00e1stico.<\/p>\n<p><strong>Sus patas giran 360\u00b0<\/strong> permitiendo el apilado de la valla para facilitar su transporte y almacenaje. No se deforma ni oxida y es resistente a los rayos UV. Es flexible, silenciosa y 100% reciclable. No raya el suelo.<\/p>\n","protected":false},"featured_media":241121,"template":"","meta":{"_et_pb_use_builder":"on","_et_pb_old_content":"","_et_gb_content_width":""},"product_cat":[607],"product_tag":[],"class_list":["post-522","product","type-product","status-publish","has-post-thumbnail","hentry","product_cat-balizamiento","product_shipping_class-5-10-kg"],"_links":{"self":[{"href":"https:\/\/www.retolsdaunis.com\/es\/wp-json\/wp\/v2\/product\/522","targetHints":{"allow":["GET"]}}],"collection":[{"href":"https:\/\/www.retolsdaunis.com\/es\/wp-json\/wp\/v2\/product"}],"about":[{"href":"https:\/\/www.retolsdaunis.com\/es\/wp-json\/wp\/v2\/types\/product"}],"wp:featuredmedia":[{"embeddable":true,"href":"https:\/\/www.retolsdaunis.com\/es\/wp-json\/wp\/v2\/media\/241121"}],"wp:attachment":[{"href":"https:\/\/www.retolsdaunis.com\/es\/wp-json\/wp\/v2\/media?parent=522"}],"wp:term":[{"taxonomy":"product_cat","embeddable":true,"href":"https:\/\/www.retolsdaunis.com\/es\/wp-json\/wp\/v2\/product_cat?post=522"},{"taxonomy":"product_tag","embeddable":true,"href":"https:\/\/www.retolsdaunis.com\/es\/wp-json\/wp\/v2\/product_tag?post=522"}],"curies":[{"name":"wp","href":"https:\/\/api.w.org\/{rel}","templated":true}]}}