{"id":436,"date":"2020-08-26T16:35:57","date_gmt":"2020-08-26T14:35:57","guid":{"rendered":"https:\/\/www.retolsdaunis.com\/?post_type=product&#038;p=436"},"modified":"2023-03-26T15:06:58","modified_gmt":"2023-03-26T13:06:58","slug":"senal-de-evacuacion-contraincendios-icono-direccional-oblicuo","status":"publish","type":"product","link":"https:\/\/www.retolsdaunis.com\/es\/tienda\/producto\/senal-de-evacuacion-contraincendios-icono-direccional-oblicuo\/","title":{"rendered":"Se\u00f1al de Evacuaci\u00f3n Contraincendios Icono Direccional Obl\u00edcuo"},"content":{"rendered":"<p>[et_pb_section fb_built=\u00bb1&#8243; theme_builder_area=\u00bbpost_content\u00bb _builder_version=\u00bb4.20.2&#8243; _module_preset=\u00bbdefault\u00bb collapsed=\u00bbon\u00bb][\/et_pb_section]<\/p>\n","protected":false},"excerpt":{"rendered":"<ul>\n<li><strong>Tama\u00f1o:<\/strong> 21\u00d721 cm<\/li>\n<li><strong>Grosor:<\/strong>\n<ul>\n<li>0,7 mm PVC<\/li>\n<li>0,5 mm Aluminio<\/li>\n<\/ul>\n<\/li>\n<li><strong>Normas:<\/strong>\u00a0UNE 23034-88 y CTE<\/li>\n<li>Se\u00f1al fotoluminiscente<\/li>\n<\/ul>\n","protected":false},"featured_media":242267,"template":"","meta":{"_et_pb_use_builder":"on","_et_pb_old_content":"","_et_gb_content_width":""},"product_cat":[626],"product_tag":[618],"class_list":["post-436","product","type-product","status-publish","has-post-thumbnail","hentry","product_cat-senalizacion-seguridad","product_tag-contra-incendios","product_shipping_class-0-2-kg"],"_links":{"self":[{"href":"https:\/\/www.retolsdaunis.com\/es\/wp-json\/wp\/v2\/product\/436","targetHints":{"allow":["GET"]}}],"collection":[{"href":"https:\/\/www.retolsdaunis.com\/es\/wp-json\/wp\/v2\/product"}],"about":[{"href":"https:\/\/www.retolsdaunis.com\/es\/wp-json\/wp\/v2\/types\/product"}],"wp:featuredmedia":[{"embeddable":true,"href":"https:\/\/www.retolsdaunis.com\/es\/wp-json\/wp\/v2\/media\/242267"}],"wp:attachment":[{"href":"https:\/\/www.retolsdaunis.com\/es\/wp-json\/wp\/v2\/media?parent=436"}],"wp:term":[{"taxonomy":"product_cat","embeddable":true,"href":"https:\/\/www.retolsdaunis.com\/es\/wp-json\/wp\/v2\/product_cat?post=436"},{"taxonomy":"product_tag","embeddable":true,"href":"https:\/\/www.retolsdaunis.com\/es\/wp-json\/wp\/v2\/product_tag?post=436"}],"curies":[{"name":"wp","href":"https:\/\/api.w.org\/{rel}","templated":true}]}}