{"id":237767,"date":"2022-07-11T11:14:58","date_gmt":"2022-07-11T09:14:58","guid":{"rendered":"https:\/\/www.retolsdaunis.com\/?post_type=product&#038;p=237767"},"modified":"2023-03-17T12:44:18","modified_gmt":"2023-03-17T11:44:18","slug":"sello-de-goma-printy-4911","status":"publish","type":"product","link":"https:\/\/www.retolsdaunis.com\/es\/tienda\/producto\/sello-de-goma-printy-4911\/","title":{"rendered":"Sello de Goma Printy 4911"},"content":{"rendered":"<p>[et_pb_section fb_built=\u00bb1&#8243; _builder_version=\u00bb4.16&#8243; collapsed=\u00bbon\u00bb global_colors_info=\u00bb{}\u00bb][\/et_pb_section]<\/p>\n","protected":false},"excerpt":{"rendered":"<ul>\n<li><strong>Medidas:<\/strong> 6,8&#215;5,5 cm<\/li>\n<li><strong>Tama\u00f1o m\u00e1ximo de la placa de texto:<\/strong> 38&#215;14 mm<\/li>\n<\/ul>\n<h4>CLIM\u00c1TICAMENTE NEUTRO DE SERIE<\/h4>\n<p>El Original Printy 4.0 es clim\u00e1ticamente neutro.<\/p>\n<h4>CAMBIO DE CARTUCHO INTUITIVO Y LIMPIO<\/h4>\n<p>Dos puntos de agarre especiales permiten un recambio de cartucho sin tomar contacto con el dep\u00f3sito de tinta, garantizando as\u00ed dedos limpios.<\/p>\n<h4>INCRE\u00cdBLEMENTE PEQUE\u00d1O Y LIGERO<\/h4>\n<p>Original Printy 4.0 es uno de los sellos de entintaje autom\u00e1tico m\u00e1s peque\u00f1o y ligero del mundo. Los elementos soft-touch aseguran un agarre agradable y seguro del sello.<\/p>\n<h4>POSICIONAMIENTO EXACTO DE LA IMPRESI\u00d3N<\/h4>\n<p>La ventana de posicionamiento transparente permite realizar marcadas con total exactitud y los bordes de la base tambi\u00e9n transparentes posibilitan una alineaci\u00f3n ultraprecisa\u00a0en el documento.<\/p>\n","protected":false},"featured_media":240550,"template":"","meta":{"_et_pb_use_builder":"on","_et_pb_old_content":"","_et_gb_content_width":""},"product_cat":[601],"product_tag":[733,735],"class_list":["post-237767","product","type-product","status-publish","has-post-thumbnail","hentry","product_cat-sellos-de-goma","product_tag-comercio-y-servicios","product_tag-industria-es","product_shipping_class-0-2-kg"],"_links":{"self":[{"href":"https:\/\/www.retolsdaunis.com\/es\/wp-json\/wp\/v2\/product\/237767","targetHints":{"allow":["GET"]}}],"collection":[{"href":"https:\/\/www.retolsdaunis.com\/es\/wp-json\/wp\/v2\/product"}],"about":[{"href":"https:\/\/www.retolsdaunis.com\/es\/wp-json\/wp\/v2\/types\/product"}],"wp:featuredmedia":[{"embeddable":true,"href":"https:\/\/www.retolsdaunis.com\/es\/wp-json\/wp\/v2\/media\/240550"}],"wp:attachment":[{"href":"https:\/\/www.retolsdaunis.com\/es\/wp-json\/wp\/v2\/media?parent=237767"}],"wp:term":[{"taxonomy":"product_cat","embeddable":true,"href":"https:\/\/www.retolsdaunis.com\/es\/wp-json\/wp\/v2\/product_cat?post=237767"},{"taxonomy":"product_tag","embeddable":true,"href":"https:\/\/www.retolsdaunis.com\/es\/wp-json\/wp\/v2\/product_tag?post=237767"}],"curies":[{"name":"wp","href":"https:\/\/api.w.org\/{rel}","templated":true}]}}