{"id":236238,"date":"2022-03-17T08:41:43","date_gmt":"2022-03-17T07:41:43","guid":{"rendered":"https:\/\/www.retolsdaunis.com\/?post_type=product&#038;p=236238"},"modified":"2023-03-17T23:19:48","modified_gmt":"2023-03-17T22:19:48","slug":"buzon-sekkei-asa-inoxidable","status":"publish","type":"product","link":"https:\/\/www.retolsdaunis.com\/es\/tienda\/producto\/buzon-sekkei-asa-inoxidable\/","title":{"rendered":"Buz\u00f3n Sekkei Asa Inoxidable"},"content":{"rendered":"<p>[et_pb_section fb_built=\u00bb1&#8243; _builder_version=\u00bb4.16&#8243; collapsed=\u00bbon\u00bb global_colors_info=\u00bb{}\u00bb][\/et_pb_section]<\/p>\n","protected":false},"excerpt":{"rendered":"<ul>\n<li><strong>Dimensiones:<\/strong> 27x37x11 cm<\/li>\n<li><strong>Material:<\/strong> Acero lacado mate<\/li>\n<\/ul>\n<p>Buz\u00f3n estrecho vertical de dise\u00f1o sofisticado y v\u00e1lido para cualquier tipo de residencia. El asa de acero inoxidable mate AISI 304, lo convierte en un aspecto destacado en la entrada de cualquier vivienda.<\/p>\n","protected":false},"featured_media":240499,"template":"","meta":{"_et_pb_use_builder":"on","_et_pb_old_content":"","_et_gb_content_width":""},"product_cat":[600],"product_tag":[739,740],"class_list":["post-236238","product","type-product","status-publish","has-post-thumbnail","hentry","product_cat-buzones","product_tag-construccion-y-comunidades","product_tag-hogar","product_shipping_class-0-2-kg"],"_links":{"self":[{"href":"https:\/\/www.retolsdaunis.com\/es\/wp-json\/wp\/v2\/product\/236238","targetHints":{"allow":["GET"]}}],"collection":[{"href":"https:\/\/www.retolsdaunis.com\/es\/wp-json\/wp\/v2\/product"}],"about":[{"href":"https:\/\/www.retolsdaunis.com\/es\/wp-json\/wp\/v2\/types\/product"}],"wp:featuredmedia":[{"embeddable":true,"href":"https:\/\/www.retolsdaunis.com\/es\/wp-json\/wp\/v2\/media\/240499"}],"wp:attachment":[{"href":"https:\/\/www.retolsdaunis.com\/es\/wp-json\/wp\/v2\/media?parent=236238"}],"wp:term":[{"taxonomy":"product_cat","embeddable":true,"href":"https:\/\/www.retolsdaunis.com\/es\/wp-json\/wp\/v2\/product_cat?post=236238"},{"taxonomy":"product_tag","embeddable":true,"href":"https:\/\/www.retolsdaunis.com\/es\/wp-json\/wp\/v2\/product_tag?post=236238"}],"curies":[{"name":"wp","href":"https:\/\/api.w.org\/{rel}","templated":true}]}}