{"id":235757,"date":"2022-02-25T11:23:15","date_gmt":"2022-02-25T10:23:15","guid":{"rendered":"https:\/\/www.retolsdaunis.com\/?post_type=product&#038;p=235757"},"modified":"2023-03-17T23:19:51","modified_gmt":"2023-03-17T22:19:51","slug":"buzon-garden-52-inoxidable","status":"publish","type":"product","link":"https:\/\/www.retolsdaunis.com\/es\/tienda\/producto\/buzon-garden-52-inoxidable\/","title":{"rendered":"Buz\u00f3n Garden 52 Inoxidable"},"content":{"rendered":"<p>[et_pb_section fb_built=\u00bb1&#8243; _builder_version=\u00bb4.16&#8243; collapsed=\u00bbon\u00bb global_colors_info=\u00bb{}\u00bb][\/et_pb_section]<\/p>\n","protected":false},"excerpt":{"rendered":"<ul>\n<li><strong>Dimensiones:<\/strong> 27&#215;36,8&#215;9 cm<\/li>\n<li><strong>Material:<\/strong>\u00a0Acero lacado<\/li>\n<\/ul>\n<p>El buz\u00f3n de exterior m\u00e1s emblem\u00e1tico de Joma, presentado en su versi\u00f3n m\u00e1s peque\u00f1a, de mediana capacidad y <strong>robusta puerta de 1,2 mm de espesor.<\/strong><\/p>\n","protected":false},"featured_media":240531,"template":"","meta":{"_et_pb_use_builder":"on","_et_pb_old_content":"","_et_gb_content_width":""},"product_cat":[600],"product_tag":[739,705,740],"class_list":["post-235757","product","type-product","status-publish","has-post-thumbnail","hentry","product_cat-buzones","product_tag-construccion-y-comunidades","product_tag-exterior-es","product_tag-hogar","product_shipping_class-0-2-kg"],"_links":{"self":[{"href":"https:\/\/www.retolsdaunis.com\/es\/wp-json\/wp\/v2\/product\/235757","targetHints":{"allow":["GET"]}}],"collection":[{"href":"https:\/\/www.retolsdaunis.com\/es\/wp-json\/wp\/v2\/product"}],"about":[{"href":"https:\/\/www.retolsdaunis.com\/es\/wp-json\/wp\/v2\/types\/product"}],"wp:featuredmedia":[{"embeddable":true,"href":"https:\/\/www.retolsdaunis.com\/es\/wp-json\/wp\/v2\/media\/240531"}],"wp:attachment":[{"href":"https:\/\/www.retolsdaunis.com\/es\/wp-json\/wp\/v2\/media?parent=235757"}],"wp:term":[{"taxonomy":"product_cat","embeddable":true,"href":"https:\/\/www.retolsdaunis.com\/es\/wp-json\/wp\/v2\/product_cat?post=235757"},{"taxonomy":"product_tag","embeddable":true,"href":"https:\/\/www.retolsdaunis.com\/es\/wp-json\/wp\/v2\/product_tag?post=235757"}],"curies":[{"name":"wp","href":"https:\/\/api.w.org\/{rel}","templated":true}]}}