{"id":234532,"date":"2021-10-08T17:39:12","date_gmt":"2021-10-08T15:39:12","guid":{"rendered":"https:\/\/www.retolsdaunis.com\/?post_type=product&#038;p=234532"},"modified":"2023-04-03T02:19:03","modified_gmt":"2023-04-03T00:19:03","slug":"senal-ceda-el-paso","status":"publish","type":"product","link":"https:\/\/www.retolsdaunis.com\/es\/tienda\/producto\/senal-ceda-el-paso\/","title":{"rendered":"Se\u00f1al \u00abCeda el Paso\u00bb"},"content":{"rendered":"<p>[et_pb_section fb_built=\u00bb1&#8243; _builder_version=\u00bb4.20.2&#8243; _module_preset=\u00bbdefault\u00bb collapsed=\u00bbon\u00bb global_colors_info=\u00bb{}\u00bb][\/et_pb_section]<\/p>\n","protected":false},"excerpt":{"rendered":"<ul>\n<li><strong>Material:<\/strong> Acero galvanizado<\/li>\n<li><strong>Tama\u00f1o:<\/strong>\n<ul>\n<li>60 cm (MOPU 60)<\/li>\n<li>50 cm (ECO 50)<\/li>\n<\/ul>\n<\/li>\n<\/ul>\n<h4>MOPU 60<\/h4>\n<p>Se\u00f1alizaci\u00f3n vertical de c\u00f3digo en acero galvanizado utilizada principalmente en autopistas, autov\u00edas, carreteras, entornos urbanos o recintos privados.<\/p>\n<p>Contribuye de forma decisiva a mejorar la seguridad vial. Ofrece una mayor resistencia a las deformaciones por impactos o viento, y una \u00f3ptima visibilidad a\u00fan en las condiciones m\u00e1s desfavorables.<\/p>\n<h4>ECO 50<\/h4>\n<p>Se\u00f1alizaci\u00f3n en acero galvanizado, utilizada principalmente para recintos privados y parkings.<\/p>\n","protected":false},"featured_media":242917,"template":"","meta":{"_et_pb_use_builder":"on","_et_pb_old_content":"","_et_gb_content_width":""},"product_cat":[625],"product_tag":[615,737],"class_list":["post-234532","product","type-product","status-publish","has-post-thumbnail","hentry","product_cat-senalizacion-viaria","product_tag-prioridad","product_tag-sector-publico","product_shipping_class-0-2-kg"],"_links":{"self":[{"href":"https:\/\/www.retolsdaunis.com\/es\/wp-json\/wp\/v2\/product\/234532","targetHints":{"allow":["GET"]}}],"collection":[{"href":"https:\/\/www.retolsdaunis.com\/es\/wp-json\/wp\/v2\/product"}],"about":[{"href":"https:\/\/www.retolsdaunis.com\/es\/wp-json\/wp\/v2\/types\/product"}],"wp:featuredmedia":[{"embeddable":true,"href":"https:\/\/www.retolsdaunis.com\/es\/wp-json\/wp\/v2\/media\/242917"}],"wp:attachment":[{"href":"https:\/\/www.retolsdaunis.com\/es\/wp-json\/wp\/v2\/media?parent=234532"}],"wp:term":[{"taxonomy":"product_cat","embeddable":true,"href":"https:\/\/www.retolsdaunis.com\/es\/wp-json\/wp\/v2\/product_cat?post=234532"},{"taxonomy":"product_tag","embeddable":true,"href":"https:\/\/www.retolsdaunis.com\/es\/wp-json\/wp\/v2\/product_tag?post=234532"}],"curies":[{"name":"wp","href":"https:\/\/api.w.org\/{rel}","templated":true}]}}