{"id":1097,"date":"2020-10-15T11:01:51","date_gmt":"2020-10-15T09:01:51","guid":{"rendered":"https:\/\/www.retolsdaunis.com\/?post_type=product&#038;p=1097"},"modified":"2023-03-12T23:27:02","modified_gmt":"2023-03-12T22:27:02","slug":"valla-de-contencion-extensible-3-5-m","status":"publish","type":"product","link":"https:\/\/www.retolsdaunis.com\/es\/tienda\/producto\/valla-de-contencion-extensible-3-5-m\/","title":{"rendered":"Valla de Contenci\u00f3n Extensible 3,5 m"},"content":{"rendered":"<p>[et_pb_section fb_built=\u00bb1&#8243; _builder_version=\u00bb4.20.2&#8243; _module_preset=\u00bbdefault\u00bb collapsed=\u00bbon\u00bb global_colors_info=\u00bb{}\u00bb][\/et_pb_section]<\/p>\n","protected":false},"excerpt":{"rendered":"<p>Valla de acero lacado al horno en rojo y blanco, para la se\u00f1alizaci\u00f3n provisional de obras, trabajos de mantenimiento, puntos potencialmente peligrosos, controles, etc.<\/p>\n<p>Son f\u00e1ciles de transportar y desplegar, adem\u00e1s de muy estables. Escasa ocupaci\u00f3n para optimizar el almacenaje y el transporte.<\/p>\n","protected":false},"featured_media":241054,"template":"","meta":{"_et_pb_use_builder":"on","_et_pb_old_content":"","_et_gb_content_width":""},"product_cat":[607],"product_tag":[],"class_list":["post-1097","product","type-product","status-publish","has-post-thumbnail","hentry","product_cat-balizamiento","product_shipping_class-15-20-kg"],"_links":{"self":[{"href":"https:\/\/www.retolsdaunis.com\/es\/wp-json\/wp\/v2\/product\/1097","targetHints":{"allow":["GET"]}}],"collection":[{"href":"https:\/\/www.retolsdaunis.com\/es\/wp-json\/wp\/v2\/product"}],"about":[{"href":"https:\/\/www.retolsdaunis.com\/es\/wp-json\/wp\/v2\/types\/product"}],"wp:featuredmedia":[{"embeddable":true,"href":"https:\/\/www.retolsdaunis.com\/es\/wp-json\/wp\/v2\/media\/241054"}],"wp:attachment":[{"href":"https:\/\/www.retolsdaunis.com\/es\/wp-json\/wp\/v2\/media?parent=1097"}],"wp:term":[{"taxonomy":"product_cat","embeddable":true,"href":"https:\/\/www.retolsdaunis.com\/es\/wp-json\/wp\/v2\/product_cat?post=1097"},{"taxonomy":"product_tag","embeddable":true,"href":"https:\/\/www.retolsdaunis.com\/es\/wp-json\/wp\/v2\/product_tag?post=1097"}],"curies":[{"name":"wp","href":"https:\/\/api.w.org\/{rel}","templated":true}]}}